{"id":39,"date":"2023-04-23T09:30:14","date_gmt":"2023-04-23T09:30:14","guid":{"rendered":"https:\/\/angelavandamme.nl\/?page_id=39"},"modified":"2025-01-14T13:57:53","modified_gmt":"2025-01-14T13:57:53","slug":"over-mij","status":"publish","type":"page","link":"https:\/\/angelavandamme.nl\/?page_id=39","title":{"rendered":"Over mij"},"content":{"rendered":"\n<p>Mijn naam is Angela van Damme, woonachtig in Froombosch.<br>Ik woon samen met mijn partner, kat Guus en twee Amerikaanse Haarloze Terri\u00ebrs (Clo\u00eb en Yanara). De terri\u00ebrs dagen mij uit om anders te kijken naar de behoefte van de hond.<\/p>\n\n\n\n<p>Ook hebben de beide honden mij geleerd dat sommige dingen niet zo eenvoudig zijn als ze lijken.<\/p>\n\n\n\n<p>Voor mijn bedrijf zet ik mij in als kynologisch instructeur &amp; kynologisch gedragstherapeut.<br>De afgelopen 11 jaar heb ik als docent in het MBO gewerkt waarbij ik studenten heb lesgegeven en begeleid tot dierverzorger en\/of paraveterinair.<\/p>\n\n\n\n<p>De reden om voor mijzelf te beginnen is mijn persoonlijke ervaring met eerdere honden en de mogelijkheden voor trainingen. Ik heb een hond gehad die niet welkom was omdat een bepaald examen vooraf niet haalbaar was. En met een andere hond, paste de manier van trainen niet bij mij en de hond. Daarom wil ik een plek zijn waar elke hond welkom is en waar we kijken naar wat de hond en eigenaar nodig hebben.<\/p>\n\n\n\n<p>We communiceren constant met onze hond. Maar soms is er sprake van miscommunicatie, waardoor we niet meer op dezelfde lijn liggen met onze hond.<br>Ik wil graag samen met de eigenaar kijken hoe we de communicatie beter kunnen afstemmen op elkaar, waardoor de hond en eigenaar elkaar beter begrijpen. &nbsp;<\/p>\n\n\n\n<p>Kortom, ik wil jou als eigenaar ondersteunen om het beste uit jezelf en de hond te halen.<br><br><\/p>\n\n\n\n<h2 class=\"wp-block-heading\">Kwaliteit waarborgen<\/h2>\n\n\n\n<p>Om mijn eigen kwaliteit te blijven waarborgen heb ik mij geregistreerd bij de Raad van Beheer en de NVGH. Mijn gevolgde studies en nascholingen zijn te zien onder het tabblad ervaring. <\/p>\n\n\n\n<div class=\"wp-block-group\"><div class=\"wp-block-group__inner-container is-layout-constrained wp-block-group-is-layout-constrained\">\n<div class=\"wp-block-columns is-layout-flex wp-container-core-columns-is-layout-9d6595d7 wp-block-columns-is-layout-flex\">\n<div class=\"wp-block-column is-layout-flow wp-block-column-is-layout-flow\" style=\"flex-basis:100%\">\n<div class=\"wp-block-group\"><div class=\"wp-block-group__inner-container is-layout-constrained wp-block-group-is-layout-constrained\">\n<figure class=\"wp-block-gallery has-nested-images columns-default is-cropped wp-block-gallery-1 is-layout-flex wp-block-gallery-is-layout-flex\">\n<figure class=\"wp-block-image size-large\"><img loading=\"lazy\" decoding=\"async\" width=\"1024\" height=\"1024\" data-id=\"192\" src=\"https:\/\/angelavandamme.nl\/wp-content\/uploads\/2024\/12\/Afbeelding-van-WhatsApp-op-2024-12-18-om-11.26.04_def7f6c1-1024x1024.jpg\" alt=\"\" class=\"wp-image-192\" srcset=\"https:\/\/angelavandamme.nl\/wp-content\/uploads\/2024\/12\/Afbeelding-van-WhatsApp-op-2024-12-18-om-11.26.04_def7f6c1-1024x1024.jpg 1024w, https:\/\/angelavandamme.nl\/wp-content\/uploads\/2024\/12\/Afbeelding-van-WhatsApp-op-2024-12-18-om-11.26.04_def7f6c1-300x300.jpg 300w, https:\/\/angelavandamme.nl\/wp-content\/uploads\/2024\/12\/Afbeelding-van-WhatsApp-op-2024-12-18-om-11.26.04_def7f6c1-150x150.jpg 150w, https:\/\/angelavandamme.nl\/wp-content\/uploads\/2024\/12\/Afbeelding-van-WhatsApp-op-2024-12-18-om-11.26.04_def7f6c1-768x768.jpg 768w, https:\/\/angelavandamme.nl\/wp-content\/uploads\/2024\/12\/Afbeelding-van-WhatsApp-op-2024-12-18-om-11.26.04_def7f6c1-1536x1536.jpg 1536w, https:\/\/angelavandamme.nl\/wp-content\/uploads\/2024\/12\/Afbeelding-van-WhatsApp-op-2024-12-18-om-11.26.04_def7f6c1.jpg 1920w\" sizes=\"auto, (max-width: 1024px) 100vw, 1024px\" \/><\/figure>\n<\/figure>\n<\/div><\/div>\n<\/div>\n<\/div>\n<\/div><\/div>\n\n\n\n<figure class=\"wp-block-gallery has-nested-images columns-default is-cropped wp-block-gallery-2 is-layout-flex wp-block-gallery-is-layout-flex\"><\/figure>\n\n\n\n<h2 class=\"wp-block-heading\">Logo<\/h2>\n\n\n\n<p>Dit logo laat zien wie ik ben:<\/p>\n\n\n\n<ul class=\"wp-block-list\">\n<li>Gek op boeken;<\/li>\n\n\n\n<li>Werken met honden &amp; hun eigenaren;<\/li>\n\n\n\n<li>Kennis (vergaren, delen, gebruiken);<\/li>\n\n\n\n<li>Graag creatief bezig;<\/li>\n\n\n\n<li>Trainen van honden (en personen);<\/li>\n\n\n\n<li>Het begeleiden van personen. <\/li>\n<\/ul>\n\n\n\n<figure class=\"wp-block-gallery has-nested-images columns-default is-cropped wp-block-gallery-3 is-layout-flex wp-block-gallery-is-layout-flex\"><\/figure>\n","protected":false},"excerpt":{"rendered":"<p>Mijn naam is Angela van Damme, woonachtig in Froombosch.Ik woon samen met mijn partner, kat Guus en twee Amerikaanse Haarloze Terri\u00ebrs (Clo\u00eb en Yanara). De terri\u00ebrs dagen mij uit om anders te kijken naar de behoefte van de hond. Ook hebben de beide honden mij geleerd dat sommige dingen niet zo eenvoudig zijn als ze [&hellip;]<\/p>\n","protected":false},"author":1,"featured_media":0,"parent":0,"menu_order":0,"comment_status":"closed","ping_status":"closed","template":"","meta":{"footnotes":""},"class_list":["post-39","page","type-page","status-publish","hentry"],"_links":{"self":[{"href":"https:\/\/angelavandamme.nl\/index.php?rest_route=\/wp\/v2\/pages\/39","targetHints":{"allow":["GET"]}}],"collection":[{"href":"https:\/\/angelavandamme.nl\/index.php?rest_route=\/wp\/v2\/pages"}],"about":[{"href":"https:\/\/angelavandamme.nl\/index.php?rest_route=\/wp\/v2\/types\/page"}],"author":[{"embeddable":true,"href":"https:\/\/angelavandamme.nl\/index.php?rest_route=\/wp\/v2\/users\/1"}],"replies":[{"embeddable":true,"href":"https:\/\/angelavandamme.nl\/index.php?rest_route=%2Fwp%2Fv2%2Fcomments&post=39"}],"version-history":[{"count":12,"href":"https:\/\/angelavandamme.nl\/index.php?rest_route=\/wp\/v2\/pages\/39\/revisions"}],"predecessor-version":[{"id":215,"href":"https:\/\/angelavandamme.nl\/index.php?rest_route=\/wp\/v2\/pages\/39\/revisions\/215"}],"wp:attachment":[{"href":"https:\/\/angelavandamme.nl\/index.php?rest_route=%2Fwp%2Fv2%2Fmedia&parent=39"}],"curies":[{"name":"wp","href":"https:\/\/api.w.org\/{rel}","templated":true}]}}